{"id":5275,"date":"2014-05-24T13:51:08","date_gmt":"2014-05-24T13:51:08","guid":{"rendered":"http:\/\/wpresidence.net\/?page_id=9"},"modified":"2024-01-21T21:02:27","modified_gmt":"2024-01-21T20:02:27","slug":"conditions-generales-dutilisation","status":"publish","type":"page","link":"https:\/\/meta-immobilier.com\/index.php\/conditions-generales-dutilisation\/","title":{"rendered":"Conditions G\u00e9n\u00e9rales d&rsquo;Utilisation"},"content":{"rendered":"\n<p>Les sites Internet \u00ab https:\/\/meta-immobilier.com \u00bb \u00bb (ci-apr\u00e8s d\u00e9nomm\u00e9s individuellement le Site Internet) proposent de l\u2019espace publicitaire sur Internet aux professionnels de l\u2019immobilier d\u00e9sirant vendre ou louer des biens immobiliers, et des annonces aux particuliers recherchant un bien immobilier \u00e0 acheter ou louer ou un terrain et une maison \u00e0 faire construire.<\/p>\n\n\n\n<p>L\u2019acc\u00e8s au Site Internet, sa consultation et son utilisation sont subordonn\u00e9s \u00e0 l\u2019acceptation sans r\u00e9serve des pr\u00e9sentes Conditions G\u00e9n\u00e9rales d\u2019Utilisation.<\/p>\n\n\n\n<p><\/p>\n\n\n\n<p>L\u2019espace professionnel du Site Internet est r\u00e9serv\u00e9 aux annonceurs clients du Site Internet. Ces derniers doivent saisir leurs identifiant et mot de passe dans l\u2019espace r\u00e9serv\u00e9 \u00e0 cet effet pour acc\u00e9der aux services du Site Internet dans les conditions d\u00e9crites \u00e0 l\u2019article 2.2 ci-dessous<\/p>\n\n\n\n<p>Il appartient \u00e0 l\u2019utilisateur de l\u2019espace professionnel de veiller \u00e0 la pr\u00e9servation du caract\u00e8re confidentiel de son identifiant et de son mot de passe. Il est responsable de tout acc\u00e8s, consultation ou utilisation de ses identifiant et mot de passe et des cons\u00e9quences qui pourraient en r\u00e9sulter pour lui ou les tiers.<\/p>\n\n\n\n<p>L\u2019utilisateur du Site Internet reconna\u00eet irr\u00e9vocablement que le Site Internet est constitu\u00e9 d&rsquo;une ou plusieurs bases de donn\u00e9es mis \u00e0 disposition par Digital Classifieds France en qualit\u00e9 de producteur desdites bases de donn\u00e9es au sens des dispositions des articles L.341-1 et suivants du Code de la propri\u00e9t\u00e9 intellectuelle.<\/p>\n\n\n\n<p>D\u00e8s lors, conform\u00e9ment aux dispositions de l&rsquo;article L. 342-1 du m\u00eame Code, l&rsquo;utilisateur s&rsquo;interdit de proc\u00e9der \u00e0 :<\/p>\n\n\n\n<ul class=\"wp-block-list\">\n<li>l&rsquo;extraction par transfert permanent ou temporaire de la totalit\u00e9 ou d&rsquo;une partie qualitativement ou quantitativement substantielle du contenu d&rsquo;une ou plusieurs des bases des donn\u00e9es accessibles sur le Site Internet sur un autre support, par tout moyen et sous toute forme que ce soit, y compris \u00e0 des fins d&rsquo;utilisation ou de consultation par un m\u00e9dia et\/ou un proc\u00e9d\u00e9(s) non autoris\u00e9(s) par la Soci\u00e9t\u00e9 ;<\/li>\n\n\n\n<li>la r\u00e9utilisation, par la mise \u00e0 la disposition du public de la totalit\u00e9 ou d&rsquo;une partie qualitativement ou quantitativement substantielle du contenu d&rsquo;une ou plusieurs des bases des donn\u00e9es accessibles sur le Site Internet, quelle qu&rsquo;en soit la forme, y compris par un lien hypertexte, un m\u00e9dia et\/ou un proc\u00e9d\u00e9(s) non autoris\u00e9(s) par Digital Classifieds France;<\/li>\n\n\n\n<li>la constitution, l&rsquo;\u00e9dition, la maintenance, la mise \u00e0 jour, l&rsquo;importation, l&rsquo;exportation, la mise \u00e0 disposition de tiers, \u00e0 titre gracieux ou on\u00e9reux, et la participation aux actes pr\u00e9cit\u00e9s, d&rsquo;une base de donn\u00e9es concurrente issue de tout ou partie d&rsquo;une ou plusieurs des bases de donn\u00e9es de Digital Classifieds France ;<\/li>\n\n\n\n<li>la visualisation sur un \u00e9cran par un autre proc\u00e9d\u00e9 ou m\u00e9dia que ceux par lesquels Digital Classifieds France entend divulguer le Site Internet;<\/li>\n\n\n\n<li>d&rsquo;une mani\u00e8re g\u00e9n\u00e9rale, toute extraction, utilisation, stockage, reproduction, repr\u00e9sentation ou conservation, directe ou indirecte, partielle ou totale, y compris en m\u00e9moire tampon ou temporaire, qualitativement ou quantitativement substantielle du contenu d&rsquo;une ou plusieurs des bases de donn\u00e9es de Digital Classifieds France, commise par l&rsquo;un des proc\u00e9d\u00e9s vis\u00e9s ci-dessus est strictement prohib\u00e9e, y compris par un m\u00e9dia non autoris\u00e9 par Digital Classifieds France.<\/li>\n<\/ul>\n","protected":false},"excerpt":{"rendered":"<p>Les sites Internet \u00ab https:\/\/meta-immobilier.com \u00bb \u00bb (ci-apr\u00e8s d\u00e9nomm\u00e9s individuellement le Site Internet) proposent de l\u2019espace publicitaire sur Internet aux professionnels de l\u2019immobilier d\u00e9sirant vendre ou louer des biens immobiliers, et des annonces aux particuliers recherchant un bien immobilier \u00e0 acheter ou louer ou un terrain et une maison \u00e0 faire construire. L\u2019acc\u00e8s au Site Internet, sa consultation et son utilisation sont subordonn\u00e9s \u00e0 &#8230;<\/p>\n","protected":false},"author":1,"featured_media":0,"parent":0,"menu_order":0,"comment_status":"closed","ping_status":"closed","template":"page-templates\/terms_conditions.php","meta":{"inline_featured_image":false,"_monsterinsights_skip_tracking":false,"_monsterinsights_sitenote_active":false,"_monsterinsights_sitenote_note":"","_monsterinsights_sitenote_category":0,"footnotes":""},"class_list":["post-5275","page","type-page","status-publish","hentry"],"aioseo_notices":[],"_links":{"self":[{"href":"https:\/\/meta-immobilier.com\/index.php\/wp-json\/wp\/v2\/pages\/5275","targetHints":{"allow":["GET"]}}],"collection":[{"href":"https:\/\/meta-immobilier.com\/index.php\/wp-json\/wp\/v2\/pages"}],"about":[{"href":"https:\/\/meta-immobilier.com\/index.php\/wp-json\/wp\/v2\/types\/page"}],"author":[{"embeddable":true,"href":"https:\/\/meta-immobilier.com\/index.php\/wp-json\/wp\/v2\/users\/1"}],"replies":[{"embeddable":true,"href":"https:\/\/meta-immobilier.com\/index.php\/wp-json\/wp\/v2\/comments?post=5275"}],"version-history":[{"count":1,"href":"https:\/\/meta-immobilier.com\/index.php\/wp-json\/wp\/v2\/pages\/5275\/revisions"}],"predecessor-version":[{"id":19511,"href":"https:\/\/meta-immobilier.com\/index.php\/wp-json\/wp\/v2\/pages\/5275\/revisions\/19511"}],"wp:attachment":[{"href":"https:\/\/meta-immobilier.com\/index.php\/wp-json\/wp\/v2\/media?parent=5275"}],"curies":[{"name":"wp","href":"https:\/\/api.w.org\/{rel}","templated":true}]}}