{"id":5707,"date":"2015-02-19T09:48:19","date_gmt":"2015-02-19T09:48:19","guid":{"rendered":"http:\/\/demo2.wpresidence.net\/?page_id=5707"},"modified":"2024-05-03T19:50:21","modified_gmt":"2024-05-03T17:50:21","slug":"contact","status":"publish","type":"page","link":"https:\/\/meta-immobilier.com\/index.php\/contact\/","title":{"rendered":"Contact"},"content":{"rendered":"\t\t<div data-elementor-type=\"wp-page\" data-elementor-id=\"5707\" class=\"elementor elementor-5707\">\n\t\t\t\t<div class=\"elementor-element elementor-element-64aa83b3 e-flex e-con-boxed e-con e-parent\" data-id=\"64aa83b3\" data-element_type=\"container\" data-e-type=\"container\">\n\t\t\t\t\t<div class=\"e-con-inner\">\n\t\t\t\t<div class=\"elementor-element elementor-element-2862e5ae elementor-widget elementor-widget-text-editor\" data-id=\"2862e5ae\" data-element_type=\"widget\" data-e-type=\"widget\" data-widget_type=\"text-editor.default\">\n\t\t\t\t<div class=\"elementor-widget-container\">\n\t\t\t\t\t\t\t\t\t<p><\/p>\n<p><strong>Que vous recherchez un bien \u00e0 acheter ou \u00e0 louer sur Nice et la C\u00f4te d&rsquo;Azur, l&rsquo;agence Meta Immobilier vous accompagnera dans votre projet de A \u00e0 Z.<\/strong><\/p>\n<p>\u00a0<\/p>\n<p><strong>De la recherche personnalis\u00e9e \u00e0 votre projet jusqu&rsquo;\u00e0 l&rsquo;installation dans le bien de votre r\u00eave, toute notre \u00e9quipe sera pr\u00e9sente \u00e0 toutes les \u00e9tapes et r\u00e9pondra \u00e0 toutes vos questions.<\/strong><\/p>\n<p><\/p>\n<p><\/p>\n<p><\/p>\n<p><\/p>\n<p><\/p>\n<p><\/p>\n<div class=\"wp-block-spacer\" style=\"height: 20px;\" aria-hidden=\"true\">\u00a0<\/div>\n<div class=\"wp-block-spacer\" style=\"height: 20px;\" aria-hidden=\"true\"><strong>Vous recherchez le logement de vos r\u00eaves. <\/strong><\/div>\n<div class=\"wp-block-spacer\" style=\"height: 20px;\" aria-hidden=\"true\"><strong>Vous voulez vendre votre bien.<\/strong><\/div>\n<div class=\"wp-block-spacer\" style=\"height: 20px;\" aria-hidden=\"true\"><strong> Ou simplement discuter de nouveaux projets immobiliers.<\/strong><\/div>\n<div class=\"wp-block-spacer\" style=\"height: 20px;\" aria-hidden=\"true\"><strong>Alors contactez nous et nous serons ravis de vous aider.<\/strong><\/div>\n<p><\/p>\n<p><\/p>\n<p>\u00a0<\/p>\n<p><\/p>\t\t\t\t\t\t\t\t<\/div>\n\t\t\t\t<\/div>\n\t\t\t\t\t<\/div>\n\t\t\t\t<\/div>\n\t\t\t\t<\/div>\n\t\t","protected":false},"excerpt":{"rendered":"<p>Que vous recherchez un bien \u00e0 acheter ou \u00e0 louer sur Nice et la C\u00f4te d&rsquo;Azur, l&rsquo;agence Meta Immobilier vous accompagnera dans votre projet de A \u00e0 Z. \u00a0 De la recherche personnalis\u00e9e \u00e0 votre projet jusqu&rsquo;\u00e0 l&rsquo;installation dans le bien de votre r\u00eave, toute notre \u00e9quipe sera pr\u00e9sente \u00e0 toutes les \u00e9tapes et r\u00e9pondra \u00e0 toutes vos questions. \u00a0<\/p>\n","protected":false},"author":1,"featured_media":0,"parent":0,"menu_order":0,"comment_status":"open","ping_status":"open","template":"page-templates\/contact_page.php","meta":{"inline_featured_image":false,"_monsterinsights_skip_tracking":false,"_monsterinsights_sitenote_active":false,"_monsterinsights_sitenote_note":"","_monsterinsights_sitenote_category":0,"footnotes":""},"class_list":["post-5707","page","type-page","status-publish","hentry"],"aioseo_notices":[],"_links":{"self":[{"href":"https:\/\/meta-immobilier.com\/index.php\/wp-json\/wp\/v2\/pages\/5707","targetHints":{"allow":["GET"]}}],"collection":[{"href":"https:\/\/meta-immobilier.com\/index.php\/wp-json\/wp\/v2\/pages"}],"about":[{"href":"https:\/\/meta-immobilier.com\/index.php\/wp-json\/wp\/v2\/types\/page"}],"author":[{"embeddable":true,"href":"https:\/\/meta-immobilier.com\/index.php\/wp-json\/wp\/v2\/users\/1"}],"replies":[{"embeddable":true,"href":"https:\/\/meta-immobilier.com\/index.php\/wp-json\/wp\/v2\/comments?post=5707"}],"version-history":[{"count":7,"href":"https:\/\/meta-immobilier.com\/index.php\/wp-json\/wp\/v2\/pages\/5707\/revisions"}],"predecessor-version":[{"id":19868,"href":"https:\/\/meta-immobilier.com\/index.php\/wp-json\/wp\/v2\/pages\/5707\/revisions\/19868"}],"wp:attachment":[{"href":"https:\/\/meta-immobilier.com\/index.php\/wp-json\/wp\/v2\/media?parent=5707"}],"curies":[{"name":"wp","href":"https:\/\/api.w.org\/{rel}","templated":true}]}}